{"id":272,"date":"2013-02-12T09:10:52","date_gmt":"2013-02-12T09:10:52","guid":{"rendered":"http:\/\/steri-pack.de\/?page_id=272"},"modified":"2016-01-19T15:22:52","modified_gmt":"2016-01-19T15:22:52","slug":"downloads","status":"publish","type":"page","link":"https:\/\/steri-pack.de\/?page_id=272","title":{"rendered":"Downloads"},"content":{"rendered":"<p>In diesem Bereich m\u00f6chten wir Ihnen einige Informationen rund um das Thema Steriking\u00ae Sterilgutverpackungen zur Verf\u00fcgung stellen. Hier finden Sie neben dem von uns lagerm\u00e4\u00dfig bevorrateten Artikeln auch das komplette <a title=\"Produktprogramm\" href=\"https:\/\/steri-pack.de\/?page_id=19\">Steriking\u00ae Produktprogramm<\/a><\/p>\n<p>Zum Download der Dateien einfach das jeweilige Logo anklicken.\u00a0Um PDF-Dateien \u00f6ffnen zu k\u00f6nnen, ben\u00f6tigen Sie den kostenlosen Adobe\u00ae Reader.<\/p>\n<p><a title=\"Download Adobe Reader\" href=\"http:\/\/get.adobe.com\/de\/reader\/\" target=\"_blank\"><img loading=\"lazy\" decoding=\"async\" class=\"size-full wp-image-278 alignnone\" style=\"border: 0px;\" title=\"adobereader_80\" src=\"https:\/\/steri-pack.de\/wp-content\/uploads\/2013\/02\/adobereader_80.jpg\" alt=\"\" width=\"80\" height=\"22\" \/><\/a><\/p>\n<p><strong>Verf\u00fcgbare Dokumente:<\/strong><\/p>\n<table class=\"dsR3\" border=\"0\" cellspacing=\"2\" cellpadding=\"0\" align=\"left\">\n<tbody>\n<tr>\n<td style=\"text-align: center;\">\n<address>Steriking\u00ae<\/address>\n<address>Kompakt<\/address>\n<\/td>\n<td style=\"text-align: center;\">\n<address>Farb\u00e4nderung<\/address>\n<address>HELIX-Teststreifen<\/address>\n<\/td>\n<td style=\"text-align: center;\">\n<address>HELIX-Test<\/address>\n<address>Gebrauchsanleitung<\/address>\n<\/td>\n<td style=\"text-align: center;\">\n<address>RS 120A<\/address>\n<address>Durchlaufsiegelger\u00e4t<\/address>\n<\/td>\n<\/tr>\n<tr>\n<td>\u00a0<a href=\"https:\/\/steri-pack.de\/wp-content\/uploads\/2016\/01\/Flyer-2015.pdf\">Download Flyer<\/a><\/td>\n<td>\u00a0<a href=\"\/Downloads\/Farbaenderungen Helix-Teststreifen.pdf\" target=\"_blank\"><img loading=\"lazy\" decoding=\"async\" class=\"aligncenter  wp-image-282\" style=\"border: 0px;\" title=\"helix\" src=\"https:\/\/steri-pack.de\/wp-content\/uploads\/2013\/02\/01_helix.jpg\" alt=\"\" width=\"100\" height=\"140\" \/><\/a><\/td>\n<td>\u00a0<a href=\"\/Downloads\/HELIX-Test Gebrauchsanleitung.pdf\" target=\"_blank\"><img loading=\"lazy\" decoding=\"async\" class=\"aligncenter  wp-image-292\" style=\"border: 0px;\" title=\"helix2\" src=\"https:\/\/steri-pack.de\/wp-content\/uploads\/2013\/02\/03_helix.jpg\" alt=\"\" width=\"100\" height=\"140\" \/><\/a><\/td>\n<td>\u00a0<a href=\"\/Downloads\/RS 120A Durchlaufsiegelgeraet DE.pdf\" target=\"_blank\"><img loading=\"lazy\" decoding=\"async\" class=\"aligncenter  wp-image-293\" style=\"border: 0px;\" title=\"03_rs120a\" src=\"https:\/\/steri-pack.de\/wp-content\/uploads\/2013\/02\/03_rs120a-100x150.jpg\" alt=\"\" width=\"100\" height=\"140\" \/><\/a><\/td>\n<\/tr>\n<tr>\n<td style=\"text-align: center;\">\n<address>\u00a0Siegelnaht<\/address>\n<address>Kontrollbogen SC250<\/address>\n<\/td>\n<td style=\"text-align: center;\">\n<address>\u00a0Spezialfolie<\/address>\n<address>Multi X9<\/address>\n<\/td>\n<td style=\"text-align: center;\">\n<address>\u00a0Steriking\u00ae<\/address>\n<address>Klarsichtverpackungen<\/address>\n<\/td>\n<td style=\"text-align: center;\">\n<address>\u00a0Steriking\u00ae<\/address>\n<address>Sterilisations\u00fcberwachung<\/address>\n<\/td>\n<\/tr>\n<tr>\n<td>\u00a0<a href=\"\/Downloads\/Siegelnaht-Kontrollbogen SC 250.pdf\" target=\"_blank\"><img loading=\"lazy\" decoding=\"async\" class=\"aligncenter  wp-image-299\" style=\"border: 0px;\" title=\"05_siegelnaht\" src=\"https:\/\/steri-pack.de\/wp-content\/uploads\/2013\/02\/05_siegelnaht.jpg\" alt=\"\" width=\"100\" height=\"140\" \/><\/a><\/td>\n<td>\u00a0<a href=\"\/Downloads\/Spezialfolie Multi_X9.pdf\" target=\"_blank\"><img loading=\"lazy\" decoding=\"async\" class=\"aligncenter  wp-image-300\" style=\"border: 0px;\" title=\"06_multi_x9\" src=\"https:\/\/steri-pack.de\/wp-content\/uploads\/2013\/02\/06_multi_x9.jpg\" alt=\"\" width=\"100\" height=\"140\" \/><\/a><\/td>\n<td>\u00a0<a href=\"\/Downloads\/Steriking Klarsichtverpackungen.pdf\" target=\"_blank\"><img loading=\"lazy\" decoding=\"async\" class=\"aligncenter size-full wp-image-305\" style=\"border: 0px;\" title=\"STPouchesRolls_DE_0407\" src=\"https:\/\/steri-pack.de\/wp-content\/uploads\/2013\/02\/07_klarsicht.jpg\" alt=\"\" width=\"100\" height=\"140\" \/><\/a><\/td>\n<td>\u00a0<a href=\"\/Downloads\/Steriking Sterilisationsueberwachung NEU.pdf\" target=\"_blank\"><img loading=\"lazy\" decoding=\"async\" class=\"aligncenter size-full wp-image-306\" title=\"08_sterilisation\" src=\"https:\/\/steri-pack.de\/wp-content\/uploads\/2013\/02\/08_sterilisation.jpg\" alt=\"\" width=\"100\" height=\"140\" \/><\/a><\/td>\n<\/tr>\n<tr>\n<td style=\"text-align: center;\">\n<address>\u00a0<\/address>\n<address>Steriking\u00ae<\/address>\n<address>Tipps<\/address>\n<\/td>\n<td style=\"text-align: center;\">\n<address>\u00a0<\/address>\n<address>Steriking\u00ae<\/address>\n<address>Multi Seal Test Kit MS300<\/address>\n<\/td>\n<td style=\"text-align: center;\">\n<address>\u00a0<\/address>\n<address>Steriking\u00ae<\/address>\n<address>Gesamtprogramm<\/address>\n<\/td>\n<td style=\"text-align: center;\">\n<address>\u00a0<\/address>\n<address>\u00a0<\/address>\n<\/td>\n<\/tr>\n<tr>\n<td>\u00a0<a href=\"\/Downloads\/Steriking Tipps.pdf\" target=\"_blank\"><img loading=\"lazy\" decoding=\"async\" class=\"aligncenter size-full wp-image-318\" style=\"border: 0px;\" title=\"09_tipps\" src=\"https:\/\/steri-pack.de\/wp-content\/uploads\/2013\/02\/09_tipps.jpg\" alt=\"\" width=\"100\" height=\"140\" \/><\/a><\/td>\n<td>\u00a0<a href=\"\/Downloads\/Multi_Seal_Test_MS_300.pdf\" target=\"_blank\"><img loading=\"lazy\" decoding=\"async\" class=\"aligncenter size-full wp-image-349\" style=\"border: 0px;\" title=\"Multi-Seal100x140\" src=\"https:\/\/steri-pack.de\/wp-content\/uploads\/2013\/02\/Multi-Seal100x140.png\" alt=\"\" width=\"100\" height=\"140\" \/><\/a><\/td>\n<td><a href=\"\/Downloads\/Gesamtprogramm Steriking.pdf\" target=\"_blank\"><img loading=\"lazy\" decoding=\"async\" class=\"aligncenter  wp-image-286\" style=\"border: 0px;\" title=\"02_Gesamtprogramm\" src=\"https:\/\/steri-pack.de\/wp-content\/uploads\/2013\/02\/02_Gesamtprogramm.jpg\" alt=\"\" width=\"100\" height=\"140\" \/><\/a><\/td>\n<td><\/td>\n<\/tr>\n<\/tbody>\n<\/table>\n","protected":false},"excerpt":{"rendered":"<p>In diesem Bereich m\u00f6chten wir Ihnen einige Informationen rund um das Thema Steriking\u00ae Sterilgutverpackungen zur Verf\u00fcgung stellen. Hier finden Sie neben dem von uns lagerm\u00e4\u00dfig bevorrateten Artikeln auch das komplette Steriking\u00ae Produktprogramm Zum Download der Dateien einfach das jeweilige Logo &hellip; <a href=\"https:\/\/steri-pack.de\/?page_id=272\">Weiterlesen <span class=\"meta-nav\">&rarr;<\/span><\/a><\/p>\n","protected":false},"author":2,"featured_media":0,"parent":0,"menu_order":6,"comment_status":"closed","ping_status":"closed","template":"","meta":{"footnotes":""},"class_list":["post-272","page","type-page","status-publish","hentry"],"_links":{"self":[{"href":"https:\/\/steri-pack.de\/index.php?rest_route=\/wp\/v2\/pages\/272","targetHints":{"allow":["GET"]}}],"collection":[{"href":"https:\/\/steri-pack.de\/index.php?rest_route=\/wp\/v2\/pages"}],"about":[{"href":"https:\/\/steri-pack.de\/index.php?rest_route=\/wp\/v2\/types\/page"}],"author":[{"embeddable":true,"href":"https:\/\/steri-pack.de\/index.php?rest_route=\/wp\/v2\/users\/2"}],"replies":[{"embeddable":true,"href":"https:\/\/steri-pack.de\/index.php?rest_route=%2Fwp%2Fv2%2Fcomments&post=272"}],"version-history":[{"count":58,"href":"https:\/\/steri-pack.de\/index.php?rest_route=\/wp\/v2\/pages\/272\/revisions"}],"predecessor-version":[{"id":279,"href":"https:\/\/steri-pack.de\/index.php?rest_route=\/wp\/v2\/pages\/272\/revisions\/279"}],"wp:attachment":[{"href":"https:\/\/steri-pack.de\/index.php?rest_route=%2Fwp%2Fv2%2Fmedia&parent=272"}],"curies":[{"name":"wp","href":"https:\/\/api.w.org\/{rel}","templated":true}]}}